{"id":406,"date":"2022-02-14T18:33:03","date_gmt":"2022-02-14T23:33:03","guid":{"rendered":"https:\/\/numeriz.ca\/?page_id=406"},"modified":"2025-03-17T16:48:16","modified_gmt":"2025-03-17T20:48:16","slug":"contact-us","status":"publish","type":"page","link":"https:\/\/numeriz.ca\/en\/contact-us\/","title":{"rendered":"Contact us"},"content":{"rendered":"<p>Qu\u00e9bec<br \/>\n6500 rue Z\u00e9phirin-Paquet,<br \/>\nsuite 500, Qu\u00e9bec<br \/>\n(Qu\u00e9bec) G2C 0M3<\/p>\n","protected":false},"excerpt":{"rendered":"<p>Qu\u00e9bec 6500 rue Z\u00e9phirin-Paquet, suite 500, Qu\u00e9bec (Qu\u00e9bec) G2C 0M3<\/p>\n","protected":false},"author":1,"featured_media":0,"parent":0,"menu_order":0,"comment_status":"closed","ping_status":"closed","template":"t-contact.php","meta":{"_acf_changed":false,"footnotes":""},"class_list":["post-406","page","type-page","status-publish","hentry"],"acf":[],"_links":{"self":[{"href":"https:\/\/numeriz.ca\/en\/wp-json\/wp\/v2\/pages\/406","targetHints":{"allow":["GET"]}}],"collection":[{"href":"https:\/\/numeriz.ca\/en\/wp-json\/wp\/v2\/pages"}],"about":[{"href":"https:\/\/numeriz.ca\/en\/wp-json\/wp\/v2\/types\/page"}],"author":[{"embeddable":true,"href":"https:\/\/numeriz.ca\/en\/wp-json\/wp\/v2\/users\/1"}],"replies":[{"embeddable":true,"href":"https:\/\/numeriz.ca\/en\/wp-json\/wp\/v2\/comments?post=406"}],"version-history":[{"count":5,"href":"https:\/\/numeriz.ca\/en\/wp-json\/wp\/v2\/pages\/406\/revisions"}],"predecessor-version":[{"id":1094,"href":"https:\/\/numeriz.ca\/en\/wp-json\/wp\/v2\/pages\/406\/revisions\/1094"}],"wp:attachment":[{"href":"https:\/\/numeriz.ca\/en\/wp-json\/wp\/v2\/media?parent=406"}],"curies":[{"name":"wp","href":"https:\/\/api.w.org\/{rel}","templated":true}]}}